{"id":1203,"date":"2020-12-29T08:27:23","date_gmt":"2020-12-29T08:27:23","guid":{"rendered":"https:\/\/juliajus.com\/?page_id=1203"},"modified":"2021-01-03T18:22:48","modified_gmt":"2021-01-03T18:22:48","slug":"heavy-metal-removal","status":"publish","type":"page","link":"https:\/\/juliajus.com\/de\/heavy-metal-removal\/","title":{"rendered":"Entfernung von Schwermetallen"},"content":{"rendered":"<div data-elementor-type=\"wp-page\" data-elementor-id=\"1203\" class=\"elementor elementor-1203\">\n\t\t\t\t\t\t<section class=\"elementor-section elementor-top-section elementor-element elementor-element-531500e elementor-section-boxed elementor-section-height-default elementor-section-height-default\" data-id=\"531500e\" data-element_type=\"section\" data-e-type=\"section\">\n\t\t\t\t\t\t<div class=\"elementor-container elementor-column-gap-default\">\n\t\t\t\t\t<div class=\"elementor-column elementor-col-100 elementor-top-column elementor-element elementor-element-e04dfff\" data-id=\"e04dfff\" data-element_type=\"column\" data-e-type=\"column\">\n\t\t\t<div class=\"elementor-widget-wrap elementor-element-populated\">\n\t\t\t\t\t\t<div class=\"elementor-element elementor-element-86a1546 elementor-widget elementor-widget-heading\" data-id=\"86a1546\" data-element_type=\"widget\" data-e-type=\"widget\" data-widget_type=\"heading.default\">\n\t\t\t\t<div class=\"elementor-widget-container\">\n\t\t\t\t\t<h2 class=\"elementor-heading-title elementor-size-default\">Entfernung von Schwermetallen<\/h2>\t\t\t\t<\/div>\n\t\t\t\t<\/div>\n\t\t\t\t\t<\/div>\n\t\t<\/div>\n\t\t\t\t\t<\/div>\n\t\t<\/section>\n\t\t\t\t<section class=\"elementor-section elementor-top-section elementor-element elementor-element-3c76b8b elementor-section-boxed elementor-section-height-default elementor-section-height-default\" data-id=\"3c76b8b\" data-element_type=\"section\" data-e-type=\"section\">\n\t\t\t\t\t\t<div class=\"elementor-container elementor-column-gap-default\">\n\t\t\t\t\t<div class=\"elementor-column elementor-col-100 elementor-top-column elementor-element elementor-element-b761307\" data-id=\"b761307\" data-element_type=\"column\" data-e-type=\"column\">\n\t\t\t<div class=\"elementor-widget-wrap\">\n\t\t\t\t\t\t\t<\/div>\n\t\t<\/div>\n\t\t\t\t\t<\/div>\n\t\t<\/section>\n\t\t\t\t<section class=\"elementor-section elementor-top-section elementor-element elementor-element-bc9257e elementor-section-boxed elementor-section-height-default elementor-section-height-default\" data-id=\"bc9257e\" data-element_type=\"section\" data-e-type=\"section\">\n\t\t\t\t\t\t<div class=\"elementor-container elementor-column-gap-default\">\n\t\t\t\t\t<div class=\"elementor-column elementor-col-100 elementor-top-column elementor-element elementor-element-6bdff08\" data-id=\"6bdff08\" data-element_type=\"column\" data-e-type=\"column\">\n\t\t\t<div class=\"elementor-widget-wrap elementor-element-populated\">\n\t\t\t\t\t\t<div class=\"elementor-element elementor-element-3fec27d elementor-widget elementor-widget-text-editor\" data-id=\"3fec27d\" data-element_type=\"widget\" data-e-type=\"widget\" data-widget_type=\"text-editor.default\">\n\t\t\t\t<div class=\"elementor-widget-container\">\n\t\t\t\t\t\t\t\t\t<p>Die Schwermetalltoxizit\u00e4t gibt zunehmend Anlass zur Sorge, da sie zu vielen bekannten Krankheiten beitr\u00e4gt. Das Vorhandensein von Schwermetallen in unserem K\u00f6rper f\u00f6rdert einen niedrigen Sauerstoffgehalt und eine niedrige K\u00f6rpertemperatur, die Krankheitserregern ein g\u00fcnstiges Umfeld zum \u00dcberleben bieten. Schwermetalle gelangen zun\u00e4chst \u00fcber Zucht- und Tiefseefische, Lebensmittel, kontaminiertes Wasser, Zahnf\u00fcllungen und Haushaltsprodukte in unseren Blutkreislauf.<\/p>\n<p>Wissenschaftler haben festgestellt, dass eine erhebliche Belastung mit mindestens 23 verschiedenen Umweltmetallen (Schwermetallen) zu akuter oder chronischer Toxizit\u00e4t beitragen kann. Sie werden als schwer bezeichnet, weil sie im K\u00f6rper verbleiben, insbesondere in den Fettzellen (Fettgewebe). Sie k\u00f6nnen nur schwer ausgeschieden werden, was sie zu fettl\u00f6slichen Toxinen macht. Unser K\u00f6rperfett versucht, die Organe zu sch\u00fctzen, indem es bestimmte Stoffe, darunter auch einige unerw\u00fcnschte Metalle, einschliesst. Bei Menschen mit geringem K\u00f6rperfettanteil, gelangen sie ins Gehirn, das haupts\u00e4chlich aus Fett besteht.<\/p>\n<p>Es ist wichtig, dass man Schwermetalle sicher aus dem K\u00f6rper entfernt, damit sie nicht wieder aufgenommen werden, wenn sie freigesetzt werden. Ich biete ein mehrmonatiges Programm an, das Ihnen helfen kann, Schwermetalle zu entfernen. Kontaktieren Sie mich, um mehr dar\u00fcber zu erfahren.<\/p>\t\t\t\t\t\t\t\t<\/div>\n\t\t\t\t<\/div>\n\t\t\t\t\t<\/div>\n\t\t<\/div>\n\t\t\t\t\t<\/div>\n\t\t<\/section>\n\t\t\t\t<\/div>","protected":false},"excerpt":{"rendered":"<p>Heavy Metal Removal Heavy metal toxicity is a growing concern as a contributing factor to many known illnesses. The presence of heavy metal in our bodies promote low oxygen levels and a low body temperature which provide an environment for pathogens to survive. Heavy metals first enter our bloodstream from exposure to farmed fish, deep&hellip;&nbsp;<a href=\"https:\/\/juliajus.com\/de\/heavy-metal-removal\/\" rel=\"bookmark\">Weiterlesen &raquo;<span class=\"screen-reader-text\">Entfernung von Schwermetallen<\/span><\/a><\/p>","protected":false},"author":3,"featured_media":0,"parent":0,"menu_order":0,"comment_status":"closed","ping_status":"closed","template":"page-templates\/template-pagebuilder-full-width.php","meta":{"neve_meta_sidebar":"full-width","neve_meta_container":"","neve_meta_enable_content_width":"on","neve_meta_content_width":100,"neve_meta_title_alignment":"","neve_meta_author_avatar":"","neve_post_elements_order":"","neve_meta_disable_header":"","neve_meta_disable_footer":"","neve_meta_disable_title":"","footnotes":""},"class_list":["post-1203","page","type-page","status-publish","hentry"],"_links":{"self":[{"href":"https:\/\/juliajus.com\/de\/wp-json\/wp\/v2\/pages\/1203","targetHints":{"allow":["GET"]}}],"collection":[{"href":"https:\/\/juliajus.com\/de\/wp-json\/wp\/v2\/pages"}],"about":[{"href":"https:\/\/juliajus.com\/de\/wp-json\/wp\/v2\/types\/page"}],"author":[{"embeddable":true,"href":"https:\/\/juliajus.com\/de\/wp-json\/wp\/v2\/users\/3"}],"replies":[{"embeddable":true,"href":"https:\/\/juliajus.com\/de\/wp-json\/wp\/v2\/comments?post=1203"}],"version-history":[{"count":6,"href":"https:\/\/juliajus.com\/de\/wp-json\/wp\/v2\/pages\/1203\/revisions"}],"predecessor-version":[{"id":1292,"href":"https:\/\/juliajus.com\/de\/wp-json\/wp\/v2\/pages\/1203\/revisions\/1292"}],"wp:attachment":[{"href":"https:\/\/juliajus.com\/de\/wp-json\/wp\/v2\/media?parent=1203"}],"curies":[{"name":"wp","href":"https:\/\/api.w.org\/{rel}","templated":true}]}}