{"id":311,"date":"2020-10-10T08:35:17","date_gmt":"2020-10-10T08:35:17","guid":{"rendered":"https:\/\/juliajus.com\/?page_id=311"},"modified":"2021-01-03T17:43:04","modified_gmt":"2021-01-03T17:43:04","slug":"dark-field-microscopy","status":"publish","type":"page","link":"https:\/\/juliajus.com\/de\/dark-field-microscopy\/","title":{"rendered":"Live-Dunkelfeldmikroskopie"},"content":{"rendered":"<div data-elementor-type=\"wp-page\" data-elementor-id=\"311\" class=\"elementor elementor-311\">\n\t\t\t\t\t\t<section class=\"elementor-section elementor-top-section elementor-element elementor-element-5254311 elementor-section-boxed elementor-section-height-default elementor-section-height-default\" data-id=\"5254311\" data-element_type=\"section\" data-e-type=\"section\">\n\t\t\t\t\t\t<div class=\"elementor-container elementor-column-gap-default\">\n\t\t\t\t\t<div class=\"elementor-column elementor-col-100 elementor-top-column elementor-element elementor-element-8e9e131\" data-id=\"8e9e131\" data-element_type=\"column\" data-e-type=\"column\">\n\t\t\t<div class=\"elementor-widget-wrap elementor-element-populated\">\n\t\t\t\t\t\t<div class=\"elementor-element elementor-element-c5ed0c8 elementor-widget elementor-widget-heading\" data-id=\"c5ed0c8\" data-element_type=\"widget\" data-e-type=\"widget\" data-widget_type=\"heading.default\">\n\t\t\t\t<div class=\"elementor-widget-container\">\n\t\t\t\t\t<h2 class=\"elementor-heading-title elementor-size-default\">Live-Dunkelfeldmikroskopie <\/h2>\t\t\t\t<\/div>\n\t\t\t\t<\/div>\n\t\t\t\t\t<\/div>\n\t\t<\/div>\n\t\t\t\t\t<\/div>\n\t\t<\/section>\n\t\t\t\t<section class=\"elementor-section elementor-top-section elementor-element elementor-element-f682183 elementor-section-boxed elementor-section-height-default elementor-section-height-default\" data-id=\"f682183\" data-element_type=\"section\" data-e-type=\"section\">\n\t\t\t\t\t\t<div class=\"elementor-container elementor-column-gap-default\">\n\t\t\t\t\t<div class=\"elementor-column elementor-col-100 elementor-top-column elementor-element elementor-element-55721d7\" data-id=\"55721d7\" data-element_type=\"column\" data-e-type=\"column\">\n\t\t\t<div class=\"elementor-widget-wrap elementor-element-populated\">\n\t\t\t\t\t\t<div class=\"elementor-element elementor-element-83f7aeb elementor-widget elementor-widget-text-editor\" data-id=\"83f7aeb\" data-element_type=\"widget\" data-e-type=\"widget\" data-widget_type=\"text-editor.default\">\n\t\t\t\t<div class=\"elementor-widget-container\">\n\t\t\t\t\t\t\t\t\t<p>Mit der Videomikroskopie k\u00f6nnen Sie sich auf eine fantastische Reise durch Ihr \"Leben im Blut\" begeben. Wenn Sie das Innenleben Ihres Blutes aus erster Hand sehen, erhalten Sie eine noch nie dagewesene Aufkl\u00e4rung dar\u00fcber, was Ihre Gesundheit antreibt, und gleichzeitig eine treibende Motivation, die richtigen und gesunden Entscheidungen f\u00fcr Ihren K\u00f6rper zu treffen. In Zusammenarbeit mit \u00c4rzten und Forschern kann ich Ihnen zus\u00e4tzliche Einblicke in Ihre innere Chemie bieten und Ihnen bei der Erstellung eines Ern\u00e4hrungs- und Gesundheitsplans helfen, der auf Ihre individuellen Bed\u00fcrfnisse zugeschnitten ist.&nbsp;<\/p>\t\t\t\t\t\t\t\t<\/div>\n\t\t\t\t<\/div>\n\t\t\t\t\t<\/div>\n\t\t<\/div>\n\t\t\t\t\t<\/div>\n\t\t<\/section>\n\t\t\t\t<\/div>","protected":false},"excerpt":{"rendered":"<p>Live Dark Field Microscopy With video microscopy, you can be taken on a fantastic voyage through your &#8220;life in the blood.&#8221; Seeing the inner workings of your blood first hand gives you an unprecedented education on what drives your health, while at the same time giving you a driving motivation to act on healthy protocols.&hellip;&nbsp;<a href=\"https:\/\/juliajus.com\/de\/dark-field-microscopy\/\" rel=\"bookmark\">Weiterlesen &raquo;<span class=\"screen-reader-text\">Live-Dunkelfeldmikroskopie<\/span><\/a><\/p>","protected":false},"author":2,"featured_media":0,"parent":0,"menu_order":0,"comment_status":"closed","ping_status":"closed","template":"page-templates\/template-pagebuilder-full-width.php","meta":{"neve_meta_sidebar":"full-width","neve_meta_container":"","neve_meta_enable_content_width":"on","neve_meta_content_width":100,"neve_meta_title_alignment":"","neve_meta_author_avatar":"","neve_post_elements_order":"","neve_meta_disable_header":"","neve_meta_disable_footer":"","neve_meta_disable_title":"","footnotes":""},"class_list":["post-311","page","type-page","status-publish","hentry"],"_links":{"self":[{"href":"https:\/\/juliajus.com\/de\/wp-json\/wp\/v2\/pages\/311","targetHints":{"allow":["GET"]}}],"collection":[{"href":"https:\/\/juliajus.com\/de\/wp-json\/wp\/v2\/pages"}],"about":[{"href":"https:\/\/juliajus.com\/de\/wp-json\/wp\/v2\/types\/page"}],"author":[{"embeddable":true,"href":"https:\/\/juliajus.com\/de\/wp-json\/wp\/v2\/users\/2"}],"replies":[{"embeddable":true,"href":"https:\/\/juliajus.com\/de\/wp-json\/wp\/v2\/comments?post=311"}],"version-history":[{"count":5,"href":"https:\/\/juliajus.com\/de\/wp-json\/wp\/v2\/pages\/311\/revisions"}],"predecessor-version":[{"id":1264,"href":"https:\/\/juliajus.com\/de\/wp-json\/wp\/v2\/pages\/311\/revisions\/1264"}],"wp:attachment":[{"href":"https:\/\/juliajus.com\/de\/wp-json\/wp\/v2\/media?parent=311"}],"curies":[{"name":"wp","href":"https:\/\/api.w.org\/{rel}","templated":true}]}}