{"id":315,"date":"2020-10-10T08:59:35","date_gmt":"2020-10-10T08:59:35","guid":{"rendered":"https:\/\/juliajus.com\/?page_id=315"},"modified":"2021-03-07T18:36:54","modified_gmt":"2021-03-07T18:36:54","slug":"taoism","status":"publish","type":"page","link":"https:\/\/juliajus.com\/de\/taoism\/","title":{"rendered":"Taoismus und Qi Gong-Kurse"},"content":{"rendered":"<div data-elementor-type=\"wp-page\" data-elementor-id=\"315\" class=\"elementor elementor-315\">\n\t\t\t\t\t\t<section class=\"elementor-section elementor-top-section elementor-element elementor-element-2ac5bc4 elementor-section-boxed elementor-section-height-default elementor-section-height-default\" data-id=\"2ac5bc4\" data-element_type=\"section\" data-e-type=\"section\">\n\t\t\t\t\t\t<div class=\"elementor-container elementor-column-gap-default\">\n\t\t\t\t\t<div class=\"elementor-column elementor-col-100 elementor-top-column elementor-element elementor-element-cacf00c\" data-id=\"cacf00c\" data-element_type=\"column\" data-e-type=\"column\">\n\t\t\t<div class=\"elementor-widget-wrap elementor-element-populated\">\n\t\t\t\t\t\t<div class=\"elementor-element elementor-element-ff6ceda elementor-widget elementor-widget-heading\" data-id=\"ff6ceda\" data-element_type=\"widget\" data-e-type=\"widget\" data-widget_type=\"heading.default\">\n\t\t\t\t<div class=\"elementor-widget-container\">\n\t\t\t\t\t<h1 class=\"elementor-heading-title elementor-size-default\">Taoismus und Qi Gong-Kurse<\/h1>\t\t\t\t<\/div>\n\t\t\t\t<\/div>\n\t\t\t\t\t<\/div>\n\t\t<\/div>\n\t\t\t\t\t<\/div>\n\t\t<\/section>\n\t\t\t\t<section class=\"elementor-section elementor-top-section elementor-element elementor-element-83a758f elementor-section-boxed elementor-section-height-default elementor-section-height-default\" data-id=\"83a758f\" data-element_type=\"section\" data-e-type=\"section\">\n\t\t\t\t\t\t<div class=\"elementor-container elementor-column-gap-default\">\n\t\t\t\t\t<div class=\"elementor-column elementor-col-100 elementor-top-column elementor-element elementor-element-659c417\" data-id=\"659c417\" data-element_type=\"column\" data-e-type=\"column\">\n\t\t\t<div class=\"elementor-widget-wrap elementor-element-populated\">\n\t\t\t\t\t\t<div class=\"elementor-element elementor-element-606afd6 elementor-widget elementor-widget-text-editor\" data-id=\"606afd6\" data-element_type=\"widget\" data-e-type=\"widget\" data-widget_type=\"text-editor.default\">\n\t\t\t\t<div class=\"elementor-widget-container\">\n\t\t\t\t\t\t\t\t\t<p>Taoismus bedeutet \"Weg der Natur und des Universums\" und ist eine 5.000 Jahre alte chinesische Philosophie, die auf dem Erleben der Elemente, des Universums und unserer Beziehung zu diesem basiert. Es ist eine Praxis f\u00fcr K\u00f6rper, Geist und Seele. Die Praxis des Taoismus lehrt uns zu lieben, zu heilen und freundlich zu uns selbst zu sein, w\u00e4hrend wir ein mitf\u00fchlendes Herz und eine Ganzheit des Seins entwickeln. Er lehrt uns, andere zu lieben, zu heilen und ihnen zu helfen aus der F\u00fclle der heilenden und liebevollen Energien, die wir von den Kr\u00e4ften der Natur, des Himmels und der Erde erhalten - und hilft uns dabei, unsere URSPRUNGSQUELLE kennen zu lernen und sie in uns selbst zu entfalten.\u00a0<\/p><p>Die grundlegende Basis der Praktiken besteht darin, zu lernen, die physische Energie in unserem K\u00f6rper zu erhalten, damit wir in unseren weltlichen Interaktionen nicht geschw\u00e4cht werden. Um die volle Spiritualit\u00e4t zu erreichen, m\u00fcssen wir vermeiden, dass uns die Energie durch unsere Sinne entzogen wird: Augen, Ohren, Nase, Mund oder durch \u00fcberm\u00e4ssigen Sex.<\/p><p>Indem die Grundlagen des Taoismus, seine Grundprinzipien und Lehren, in die Gesundheitsberatung integriert werden, wird der Heilungs- und Verj\u00fcngungsprozess ganzheitlicher und nachhaltiger.\u00a0<\/p><div>\u00a0<\/div>\t\t\t\t\t\t\t\t<\/div>\n\t\t\t\t<\/div>\n\t\t\t\t\t<\/div>\n\t\t<\/div>\n\t\t\t\t\t<\/div>\n\t\t<\/section>\n\t\t\t\t<section class=\"elementor-section elementor-top-section elementor-element elementor-element-41752f0 elementor-section-boxed elementor-section-height-default elementor-section-height-default\" data-id=\"41752f0\" data-element_type=\"section\" data-e-type=\"section\">\n\t\t\t\t\t\t<div class=\"elementor-container elementor-column-gap-default\">\n\t\t\t\t\t<div class=\"elementor-column elementor-col-100 elementor-top-column elementor-element elementor-element-3342b86\" data-id=\"3342b86\" data-element_type=\"column\" data-e-type=\"column\">\n\t\t\t<div class=\"elementor-widget-wrap elementor-element-populated\">\n\t\t\t\t\t\t<div class=\"elementor-element elementor-element-69e5e58 elementor-widget elementor-widget-heading\" data-id=\"69e5e58\" data-element_type=\"widget\" data-e-type=\"widget\" data-widget_type=\"heading.default\">\n\t\t\t\t<div class=\"elementor-widget-container\">\n\t\t\t\t\t<h2 class=\"elementor-heading-title elementor-size-default\">Das urspr\u00fcngliche Qi<\/h2>\t\t\t\t<\/div>\n\t\t\t\t<\/div>\n\t\t\t\t\t<\/div>\n\t\t<\/div>\n\t\t\t\t\t<\/div>\n\t\t<\/section>\n\t\t\t\t<section class=\"elementor-section elementor-top-section elementor-element elementor-element-ed7d3c0 elementor-section-boxed elementor-section-height-default elementor-section-height-default\" data-id=\"ed7d3c0\" data-element_type=\"section\" data-e-type=\"section\">\n\t\t\t\t\t\t<div class=\"elementor-container elementor-column-gap-default\">\n\t\t\t\t\t<div class=\"elementor-column elementor-col-100 elementor-top-column elementor-element elementor-element-c96d77f\" data-id=\"c96d77f\" data-element_type=\"column\" data-e-type=\"column\">\n\t\t\t<div class=\"elementor-widget-wrap elementor-element-populated\">\n\t\t\t\t\t\t<div class=\"elementor-element elementor-element-3a01e9f elementor-widget elementor-widget-text-editor\" data-id=\"3a01e9f\" data-element_type=\"widget\" data-e-type=\"widget\" data-widget_type=\"text-editor.default\">\n\t\t\t\t<div class=\"elementor-widget-container\">\n\t\t\t\t\t\t\t\t\t<p class=\"translation-block\">Das Studium des Taoismus hilft uns zu lernen, wie wir Energie recyceln und umwandeln und das Qi (Lebensenergie) durch die k\u00f6rpereigenen Energiekan\u00e4le umleiten k\u00f6nnen. Das urspr\u00fcngliche Qi (auch als Chi bekannt) stammt von den Kr\u00e4ften des Himmels und der Erde und wird unserem K\u00f6rper durch die Liebe und die sexuelle Vereinigung unserer Eltern eingefl\u00f6sst. W\u00e4hrend des Liebes- und Sexualaktes verdichten sich alle k\u00f6rperlichen Essenzen von Mann und Frau zu orgasmischem Qi, das die universellen, h\u00f6heren Selbst- und Erdkr\u00e4fte anzieht und wieder vereint. Die m\u00e4nnlichen (Yang) und weiblichen (Yin) Energien vereinen sich mit diesen \u00e4usseren Kr\u00e4ften, wenn sich das Ei und das Sperma vereinigen und unser urspr\u00fcngliches Qi bei der Empf\u00e4ngnis entsteht. Im Taoismus wird dies als die Wiedervereinigung von Himmel und Erde bezeichnet. Der Akt der Liebe und der sexuellen Vereinigung zieht so viel von diesen kraftvollen Energien an, dass w\u00e4hrend der Schwangerschaft ein neues menschliches Leben entstehen kann. Bis zur Geburt wird der S\u00e4ugling durch die Nabelschnur und sp\u00e4ter nach der Geburt durch das Stillen kontinuierlich von diesen Kr\u00e4ften gen\u00e4hrt.<\/p>\t\t\t\t\t\t\t\t<\/div>\n\t\t\t\t<\/div>\n\t\t\t\t\t<\/div>\n\t\t<\/div>\n\t\t\t\t\t<\/div>\n\t\t<\/section>\n\t\t\t\t<section class=\"elementor-section elementor-top-section elementor-element elementor-element-0865335 elementor-section-boxed elementor-section-height-default elementor-section-height-default\" data-id=\"0865335\" data-element_type=\"section\" data-e-type=\"section\">\n\t\t\t\t\t\t<div class=\"elementor-container elementor-column-gap-default\">\n\t\t\t\t\t<div class=\"elementor-column elementor-col-100 elementor-top-column elementor-element elementor-element-c7a5366\" data-id=\"c7a5366\" data-element_type=\"column\" data-e-type=\"column\">\n\t\t\t<div class=\"elementor-widget-wrap elementor-element-populated\">\n\t\t\t\t\t\t<div class=\"elementor-element elementor-element-8a80c46 elementor-widget elementor-widget-heading\" data-id=\"8a80c46\" data-element_type=\"widget\" data-e-type=\"widget\" data-widget_type=\"heading.default\">\n\t\t\t\t<div class=\"elementor-widget-container\">\n\t\t\t\t\t<h2 class=\"elementor-heading-title elementor-size-default\">Verbinden Sie sich mit der universellen Liebe<\/h2>\t\t\t\t<\/div>\n\t\t\t\t<\/div>\n\t\t\t\t\t<\/div>\n\t\t<\/div>\n\t\t\t\t\t<\/div>\n\t\t<\/section>\n\t\t\t\t<section class=\"elementor-section elementor-top-section elementor-element elementor-element-8536e87 elementor-section-boxed elementor-section-height-default elementor-section-height-default\" data-id=\"8536e87\" data-element_type=\"section\" data-e-type=\"section\">\n\t\t\t\t\t\t<div class=\"elementor-container elementor-column-gap-default\">\n\t\t\t\t\t<div class=\"elementor-column elementor-col-100 elementor-top-column elementor-element elementor-element-c440431\" data-id=\"c440431\" data-element_type=\"column\" data-e-type=\"column\">\n\t\t\t<div class=\"elementor-widget-wrap elementor-element-populated\">\n\t\t\t\t\t\t<div class=\"elementor-element elementor-element-87efcc2 elementor-widget elementor-widget-text-editor\" data-id=\"87efcc2\" data-element_type=\"widget\" data-e-type=\"widget\" data-widget_type=\"text-editor.default\">\n\t\t\t\t<div class=\"elementor-widget-container\">\n\t\t\t\t\t\t\t\t\t<p>Das urspr\u00fcngliche Qi ist in unserem K\u00f6rper im Raum zwischen dem Nabel, den Nieren und dem Sexualzentrum, etwas oberhalb des Beckenbereichs, gespeichert. Es ist eine Batteriequelle, die wir t\u00e4glich in unserem Leben nutzen und die sich entleeren kann, wenn wir etwas im \u00dcbermass tun. Die taoistischen Meister sprechen immer davon, die Sinne und die sexuelle Energie zu sch\u00fctzen. Wahrscheinlich haben Sie schon einmal die drei Affen mit ihren H\u00e4nden \u00fcber den Ohren, den Augen und dem Mund gesehen, und manchmal einen vierten Affen mit den H\u00e4nden \u00fcber dem Sexualzentrum. Dies sind die Orte, an denen wir unser Qi auslaufen lassen. <br \/>Es erkennt unsere menschlichen Emotionen sowohl in den niedrigeren als auch in den h\u00f6heren Frequenzen. Es wird angenommen, dass unsere Emotionen in unseren Organen wohnen und dass wir in der Lage sind, die niederfrequenten Emotionen in positive Energie umzuwandeln. In der Meditation lernen Sie das Innere L\u00e4cheln, das Sie lehrt, wie Sie negative Energie in Tugenden und eine reiche Energiequelle umwandeln k\u00f6nnen. Dies hilft uns, das Herzzentrum zu \u00f6ffnen und uns mit der unbegrenzten Universellen Liebe zu verbinden, was unser t\u00e4gliches Leben verbessert, da wir zu den Tugenden werden, die von unseren inneren Organen ausgehen.<\/p>\t\t\t\t\t\t\t\t<\/div>\n\t\t\t\t<\/div>\n\t\t\t\t\t<\/div>\n\t\t<\/div>\n\t\t\t\t\t<\/div>\n\t\t<\/section>\n\t\t\t\t<section class=\"elementor-section elementor-top-section elementor-element elementor-element-48a0dc6 elementor-section-boxed elementor-section-height-default elementor-section-height-default\" data-id=\"48a0dc6\" data-element_type=\"section\" data-e-type=\"section\">\n\t\t\t\t\t\t<div class=\"elementor-container elementor-column-gap-default\">\n\t\t\t\t\t<div class=\"elementor-column elementor-col-100 elementor-top-column elementor-element elementor-element-c8378aa\" data-id=\"c8378aa\" data-element_type=\"column\" data-e-type=\"column\">\n\t\t\t<div class=\"elementor-widget-wrap elementor-element-populated\">\n\t\t\t\t\t\t<div class=\"elementor-element elementor-element-a5c1fd5 elementor-widget elementor-widget-heading\" data-id=\"a5c1fd5\" data-element_type=\"widget\" data-e-type=\"widget\" data-widget_type=\"heading.default\">\n\t\t\t\t<div class=\"elementor-widget-container\">\n\t\t\t\t\t<h2 class=\"elementor-heading-title elementor-size-default\">\u00c4ndern Sie Ihre Frequenz<\/h2>\t\t\t\t<\/div>\n\t\t\t\t<\/div>\n\t\t\t\t\t<\/div>\n\t\t<\/div>\n\t\t\t\t\t<\/div>\n\t\t<\/section>\n\t\t\t\t<section class=\"elementor-section elementor-top-section elementor-element elementor-element-edebc33 elementor-section-boxed elementor-section-height-default elementor-section-height-default\" data-id=\"edebc33\" data-element_type=\"section\" data-e-type=\"section\">\n\t\t\t\t\t\t<div class=\"elementor-container elementor-column-gap-default\">\n\t\t\t\t\t<div class=\"elementor-column elementor-col-100 elementor-top-column elementor-element elementor-element-127cf46\" data-id=\"127cf46\" data-element_type=\"column\" data-e-type=\"column\">\n\t\t\t<div class=\"elementor-widget-wrap elementor-element-populated\">\n\t\t\t\t\t\t<div class=\"elementor-element elementor-element-9bd544f elementor-widget elementor-widget-text-editor\" data-id=\"9bd544f\" data-element_type=\"widget\" data-e-type=\"widget\" data-widget_type=\"text-editor.default\">\n\t\t\t\t<div class=\"elementor-widget-container\">\n\t\t\t\t\t\t\t\t\t<div><p>Wir alle haben schon einmal erlebt, dass wir morgens aufwachen und keine Lust haben, das Bett zu verlassen, nicht nur, weil wir das Gef\u00fchl haben, nicht genug geschlafen zu haben, sondern weil wir uns leicht deprimiert f\u00fchlen und einfach keine Lust haben, den Tag zu beginnen. Dann klingelt das Telefon, und ein lieber Freund, den Sie schon lange nicht mehr gesehen haben, ist am anderen Ende und teilt Ihnen mit, dass er f\u00fcr ein paar Tage in der Stadt ist und Sie gerne sehen w\u00fcrde. Sie vereinbaren ein Treffen und pl\u00f6tzlich \u00fcberkommt Sie die Vorfreude, Ihren Freund zu treffen. Die L\u00f6schtaste f\u00fcr \"Niedergeschlagenheit\" wurde gerade gedr\u00fcckt. Es ist so einfach, die Frequenz zu \u00e4ndern und Positivit\u00e4t zu erzeugen.<\/p><\/div>\t\t\t\t\t\t\t\t<\/div>\n\t\t\t\t<\/div>\n\t\t\t\t\t<\/div>\n\t\t<\/div>\n\t\t\t\t\t<\/div>\n\t\t<\/section>\n\t\t\t\t<section class=\"elementor-section elementor-top-section elementor-element elementor-element-82f10c1 elementor-section-boxed elementor-section-height-default elementor-section-height-default\" data-id=\"82f10c1\" data-element_type=\"section\" data-e-type=\"section\">\n\t\t\t\t\t\t<div class=\"elementor-container elementor-column-gap-default\">\n\t\t\t\t\t<div class=\"elementor-column elementor-col-100 elementor-top-column elementor-element elementor-element-677bea4\" data-id=\"677bea4\" data-element_type=\"column\" data-e-type=\"column\">\n\t\t\t<div class=\"elementor-widget-wrap elementor-element-populated\">\n\t\t\t\t\t\t<div class=\"elementor-element elementor-element-2da57e9 elementor-widget elementor-widget-heading\" data-id=\"2da57e9\" data-element_type=\"widget\" data-e-type=\"widget\" data-widget_type=\"heading.default\">\n\t\t\t\t<div class=\"elementor-widget-container\">\n\t\t\t\t\t<h2 class=\"elementor-heading-title elementor-size-default\">Emotionen sitzen in unseren Organen <\/h2>\t\t\t\t<\/div>\n\t\t\t\t<\/div>\n\t\t\t\t\t<\/div>\n\t\t<\/div>\n\t\t\t\t\t<\/div>\n\t\t<\/section>\n\t\t\t\t<section class=\"elementor-section elementor-top-section elementor-element elementor-element-e622500 elementor-section-boxed elementor-section-height-default elementor-section-height-default\" data-id=\"e622500\" data-element_type=\"section\" data-e-type=\"section\">\n\t\t\t\t\t\t<div class=\"elementor-container elementor-column-gap-default\">\n\t\t\t\t\t<div class=\"elementor-column elementor-col-100 elementor-top-column elementor-element elementor-element-59f0a6d\" data-id=\"59f0a6d\" data-element_type=\"column\" data-e-type=\"column\">\n\t\t\t<div class=\"elementor-widget-wrap elementor-element-populated\">\n\t\t\t\t\t\t<div class=\"elementor-element elementor-element-d96a62b elementor-widget elementor-widget-text-editor\" data-id=\"d96a62b\" data-element_type=\"widget\" data-e-type=\"widget\" data-widget_type=\"text-editor.default\">\n\t\t\t\t<div class=\"elementor-widget-container\">\n\t\t\t\t\t\t\t\t\t<p>Es ist allgemein anerkannt, dass das Herz Liebe, Freude und Gl\u00fcck empfindet, w\u00e4hrend die Kehrseite Arroganz, Hass, Grausamkeit und Ungeduld sind. In der Lunge befinden sich Mut und Rechtschaffenheit, aber auch Traurigkeit und Depression. In der Leber finden wir G\u00fcte und Wut. In der Milz und der Bauchspeicheldr\u00fcse befinden sich Offenheit und Fairness, Sorgen und \u00c4ngste. Die Nieren enthalten Sanftmut und Angst. Wenn wir lernen, die Energie dieser Organe bewusst zu kanalisieren, kann das helfen, tiefe emotionale Ungleichgewichte als Teil des ganzheitlichen Heilungsprozesses anzugehen.<\/p>\t\t\t\t\t\t\t\t<\/div>\n\t\t\t\t<\/div>\n\t\t\t\t\t<\/div>\n\t\t<\/div>\n\t\t\t\t\t<\/div>\n\t\t<\/section>\n\t\t\t\t<section class=\"elementor-section elementor-top-section elementor-element elementor-element-799a664 elementor-section-boxed elementor-section-height-default elementor-section-height-default\" data-id=\"799a664\" data-element_type=\"section\" data-e-type=\"section\">\n\t\t\t\t\t\t<div class=\"elementor-container elementor-column-gap-default\">\n\t\t\t\t\t<div class=\"elementor-column elementor-col-100 elementor-top-column elementor-element elementor-element-e6fd923\" data-id=\"e6fd923\" data-element_type=\"column\" data-e-type=\"column\">\n\t\t\t<div class=\"elementor-widget-wrap elementor-element-populated\">\n\t\t\t\t\t\t<div class=\"elementor-element elementor-element-cc8c401 elementor-widget elementor-widget-heading\" data-id=\"cc8c401\" data-element_type=\"widget\" data-e-type=\"widget\" data-widget_type=\"heading.default\">\n\t\t\t\t<div class=\"elementor-widget-container\">\n\t\t\t\t\t<h2 class=\"elementor-heading-title elementor-size-default\">Weibliche Sexualenergie kultivieren <\/h2>\t\t\t\t<\/div>\n\t\t\t\t<\/div>\n\t\t\t\t\t<\/div>\n\t\t<\/div>\n\t\t\t\t\t<\/div>\n\t\t<\/section>\n\t\t\t\t<section class=\"elementor-section elementor-top-section elementor-element elementor-element-ef6bd01 elementor-section-boxed elementor-section-height-default elementor-section-height-default\" data-id=\"ef6bd01\" data-element_type=\"section\" data-e-type=\"section\">\n\t\t\t\t\t\t<div class=\"elementor-container elementor-column-gap-default\">\n\t\t\t\t\t<div class=\"elementor-column elementor-col-100 elementor-top-column elementor-element elementor-element-56b6e57\" data-id=\"56b6e57\" data-element_type=\"column\" data-e-type=\"column\">\n\t\t\t<div class=\"elementor-widget-wrap elementor-element-populated\">\n\t\t\t\t\t\t<div class=\"elementor-element elementor-element-6af0a60 elementor-widget elementor-widget-text-editor\" data-id=\"6af0a60\" data-element_type=\"widget\" data-e-type=\"widget\" data-widget_type=\"text-editor.default\">\n\t\t\t\t<div class=\"elementor-widget-container\">\n\t\t\t\t\t\t\t\t\t<p>Der Taoismus hat viele Zweige, und wenn Sie innerlich mit den Tugenden gl\u00fchen, k\u00f6nnen Sie lernen, wie Sie das Qi mit Ihrem Geist in der so genannten mikrokosmischen Umlaufbahn bewegen. Dies ist eine Schleife oder ein Energiepfad, der am Nabel beginnt und endet. Wenn Sie dies gelernt haben, ist es ein einfacher Schritt, die Kultivierung der sexuellen Energie als wesentlichen Aspekt der spirituellen Entwicklung zu erlernen.<\/p><p>In einem Kurs werden Sie lernen, wie Sie mehr sexuelle Energie entwickeln und diese Energie in Ihrem K\u00f6rper nutzen k\u00f6nnen, um zu heilen, sich zu entwickeln und Zugang zu mehr Kreativit\u00e4t zu bekommen.<\/p>\t\t\t\t\t\t\t\t<\/div>\n\t\t\t\t<\/div>\n\t\t\t\t\t<\/div>\n\t\t<\/div>\n\t\t\t\t\t<\/div>\n\t\t<\/section>\n\t\t\t\t<\/div>","protected":false},"excerpt":{"rendered":"<p>Taoism Taoism means the &#8220;Way of Nature and the Universe&#8221; and is a 5,000 year old Chinese philosophy that is based on experiencing the elements, the universe and our relation to this. It is a practice of body, mind and spirit. The practice of Taoism teaches one to love, heal and be kind to ourselves&hellip;&nbsp;<a href=\"https:\/\/juliajus.com\/de\/taoism\/\" rel=\"bookmark\">Weiterlesen &raquo;<span class=\"screen-reader-text\">Taoismus und Qi Gong-Kurse<\/span><\/a><\/p>","protected":false},"author":2,"featured_media":0,"parent":0,"menu_order":0,"comment_status":"closed","ping_status":"closed","template":"page-templates\/template-pagebuilder-full-width.php","meta":{"neve_meta_sidebar":"full-width","neve_meta_container":"","neve_meta_enable_content_width":"on","neve_meta_content_width":100,"neve_meta_title_alignment":"","neve_meta_author_avatar":"","neve_post_elements_order":"","neve_meta_disable_header":"","neve_meta_disable_footer":"","neve_meta_disable_title":"","footnotes":""},"class_list":["post-315","page","type-page","status-publish","hentry"],"_links":{"self":[{"href":"https:\/\/juliajus.com\/de\/wp-json\/wp\/v2\/pages\/315","targetHints":{"allow":["GET"]}}],"collection":[{"href":"https:\/\/juliajus.com\/de\/wp-json\/wp\/v2\/pages"}],"about":[{"href":"https:\/\/juliajus.com\/de\/wp-json\/wp\/v2\/types\/page"}],"author":[{"embeddable":true,"href":"https:\/\/juliajus.com\/de\/wp-json\/wp\/v2\/users\/2"}],"replies":[{"embeddable":true,"href":"https:\/\/juliajus.com\/de\/wp-json\/wp\/v2\/comments?post=315"}],"version-history":[{"count":5,"href":"https:\/\/juliajus.com\/de\/wp-json\/wp\/v2\/pages\/315\/revisions"}],"predecessor-version":[{"id":1393,"href":"https:\/\/juliajus.com\/de\/wp-json\/wp\/v2\/pages\/315\/revisions\/1393"}],"wp:attachment":[{"href":"https:\/\/juliajus.com\/de\/wp-json\/wp\/v2\/media?parent=315"}],"curies":[{"name":"wp","href":"https:\/\/api.w.org\/{rel}","templated":true}]}}