{"id":360,"date":"2020-10-14T17:29:25","date_gmt":"2020-10-14T17:29:25","guid":{"rendered":"https:\/\/juliajus.com\/?page_id=360"},"modified":"2021-02-10T18:30:59","modified_gmt":"2021-02-10T18:30:59","slug":"about-julia-jus","status":"publish","type":"page","link":"https:\/\/juliajus.com\/de\/about-julia-jus\/","title":{"rendered":"\u00dcber Julia Jus"},"content":{"rendered":"<div data-elementor-type=\"wp-page\" data-elementor-id=\"360\" class=\"elementor elementor-360\">\n\t\t\t\t\t\t<section class=\"elementor-section elementor-top-section elementor-element elementor-element-48f290a elementor-section-boxed elementor-section-height-default elementor-section-height-default\" data-id=\"48f290a\" data-element_type=\"section\" data-e-type=\"section\">\n\t\t\t\t\t\t<div class=\"elementor-container elementor-column-gap-default\">\n\t\t\t\t\t<div class=\"elementor-column elementor-col-100 elementor-top-column elementor-element elementor-element-3f723c8b\" data-id=\"3f723c8b\" data-element_type=\"column\" data-e-type=\"column\">\n\t\t\t<div class=\"elementor-widget-wrap elementor-element-populated\">\n\t\t\t\t\t\t<div class=\"elementor-element elementor-element-78d3e2c9 elementor-widget elementor-widget-text-editor\" data-id=\"78d3e2c9\" data-element_type=\"widget\" data-e-type=\"widget\" data-widget_type=\"text-editor.default\">\n\t\t\t\t<div class=\"elementor-widget-container\">\n\t\t\t\t\t\t\t\t\t<h1>\u00dcber Julia Jus<\/h1><p>Ich hatte das grosse Gl\u00fcck, in Wyoming, USA, geboren worden zu sein. Ein Ort von wundersch\u00f6ner Natur. Diese zu sch\u00e4tzen, habe ich von Anfang an von meiner Familie gelernt.<\/p><p>In meinen fr\u00fchen Teenagerjahren begann ich, mich f\u00fcr nat\u00fcrliche Lebensmittel und Kr\u00e4uter zu interessieren und meinen K\u00f6rper zu entgiften, um einen optimalen Gesundheitszustand zu erreichen. Obwohl ich nie Probleme mit meiner Gesundheit hatte, erkannte ich bald, umso mehr Menschen ich beriet, dass die Ursache ihrer Beschwerden oft im Darm zu suchen war. Diese Erkenntnis f\u00fchrte mich mehr und mehr was zum Thema Ern\u00e4hrung und Entgiftung.<\/p><p>Als Gesundheitsberaterin leite ich seit 15 Jahren Verj\u00fcngungskuren in verschiedenen Resorts in Thailand und seit 10 Jahren f\u00fcr Privatkunden in der ganzen Welt.\u00a0<span style=\"background-color: var(--nv-site-bg); color: var(--nv-text-color);\">I deeply believe in the power of the human body to regenerate itself to optimum health \u2013 my programs are designed to cleanse and rejuvenate the body.<\/span><\/p><p>Als Gesundheitsberaterin leite ich seit 15 Jahren Verj\u00fcngungskuren in verschiedenen Resorts in Thailand und seit 10 Jahren f\u00fcr Privatkunden in der ganzen Welt.<\/p><p>Ich glaube fest an die Kraft des menschlichen K\u00f6rpers, sich selbst zu regenerieren und optimale Gesundheit zu erlangen - meine Programme sind darauf ausgerichtet, den K\u00f6rper zu reinigen und zu verj\u00fcngen.<\/p>\t\t\t\t\t\t\t\t<\/div>\n\t\t\t\t<\/div>\n\t\t\t\t\t<\/div>\n\t\t<\/div>\n\t\t\t\t\t<\/div>\n\t\t<\/section>\n\t\t\t\t<section class=\"elementor-section elementor-top-section elementor-element elementor-element-427f70b elementor-section-boxed elementor-section-height-default elementor-section-height-default\" data-id=\"427f70b\" data-element_type=\"section\" data-e-type=\"section\">\n\t\t\t\t\t\t<div class=\"elementor-container elementor-column-gap-default\">\n\t\t\t\t\t<div class=\"elementor-column elementor-col-100 elementor-top-column elementor-element elementor-element-240bd86\" data-id=\"240bd86\" data-element_type=\"column\" data-e-type=\"column\">\n\t\t\t<div class=\"elementor-widget-wrap elementor-element-populated\">\n\t\t\t\t\t\t<div class=\"elementor-element elementor-element-836205c elementor-widget elementor-widget-image\" data-id=\"836205c\" data-element_type=\"widget\" data-e-type=\"widget\" data-widget_type=\"image.default\">\n\t\t\t\t<div class=\"elementor-widget-container\">\n\t\t\t\t\t\t\t\t\t\t\t\t\t\t\t<img fetchpriority=\"high\" decoding=\"async\" width=\"868\" height=\"493\" src=\"https:\/\/juliajus.com\/wp-content\/uploads\/2020\/12\/Julia-Profile-Picture.png\" class=\"attachment-large size-large wp-image-1093\" alt=\"\" srcset=\"https:\/\/juliajus.com\/wp-content\/uploads\/2020\/12\/Julia-Profile-Picture.png 868w, https:\/\/juliajus.com\/wp-content\/uploads\/2020\/12\/Julia-Profile-Picture-300x170.png 300w, https:\/\/juliajus.com\/wp-content\/uploads\/2020\/12\/Julia-Profile-Picture-768x436.png 768w, https:\/\/juliajus.com\/wp-content\/uploads\/2020\/12\/Julia-Profile-Picture-16x9.png 16w\" sizes=\"(max-width: 868px) 100vw, 868px\" \/>\t\t\t\t\t\t\t\t\t\t\t\t\t\t\t<\/div>\n\t\t\t\t<\/div>\n\t\t\t\t\t<\/div>\n\t\t<\/div>\n\t\t\t\t\t<\/div>\n\t\t<\/section>\n\t\t\t\t<section class=\"elementor-section elementor-top-section elementor-element elementor-element-e3199cb elementor-section-boxed elementor-section-height-default elementor-section-height-default\" data-id=\"e3199cb\" data-element_type=\"section\" data-e-type=\"section\">\n\t\t\t\t\t\t<div class=\"elementor-container elementor-column-gap-default\">\n\t\t\t\t\t<div class=\"elementor-column elementor-col-100 elementor-top-column elementor-element elementor-element-c64d8fa\" data-id=\"c64d8fa\" data-element_type=\"column\" data-e-type=\"column\">\n\t\t\t<div class=\"elementor-widget-wrap elementor-element-populated\">\n\t\t\t\t\t\t<div class=\"elementor-element elementor-element-df7db3f elementor-widget elementor-widget-text-editor\" data-id=\"df7db3f\" data-element_type=\"widget\" data-e-type=\"widget\" data-widget_type=\"text-editor.default\">\n\t\t\t\t<div class=\"elementor-widget-container\">\n\t\t\t\t\t\t\t\t\t<p>Ich freue mich darauf, Sie kennenzulernen!<\/p><p>Julia<\/p>\t\t\t\t\t\t\t\t<\/div>\n\t\t\t\t<\/div>\n\t\t\t\t\t<\/div>\n\t\t<\/div>\n\t\t\t\t\t<\/div>\n\t\t<\/section>\n\t\t\t\t<\/div>","protected":false},"excerpt":{"rendered":"<p>About Julia Jus I had the grace of being born in Wyoming, USA. A place blessed with beautiful nature which my family taught me to enjoy and appreciate. In my early teens, I took an interest in whole natural foods and herbs and detoxing the body to reach a state of optimum health. Although I&hellip;&nbsp;<a href=\"https:\/\/juliajus.com\/de\/about-julia-jus\/\" rel=\"bookmark\">Weiterlesen &raquo;<span class=\"screen-reader-text\">\u00dcber Julia Jus<\/span><\/a><\/p>","protected":false},"author":2,"featured_media":0,"parent":0,"menu_order":0,"comment_status":"closed","ping_status":"closed","template":"page-templates\/template-pagebuilder-full-width.php","meta":{"neve_meta_sidebar":"full-width","neve_meta_container":"","neve_meta_enable_content_width":"on","neve_meta_content_width":100,"neve_meta_title_alignment":"","neve_meta_author_avatar":"","neve_post_elements_order":"","neve_meta_disable_header":"","neve_meta_disable_footer":"","neve_meta_disable_title":"","footnotes":""},"class_list":["post-360","page","type-page","status-publish","hentry"],"_links":{"self":[{"href":"https:\/\/juliajus.com\/de\/wp-json\/wp\/v2\/pages\/360","targetHints":{"allow":["GET"]}}],"collection":[{"href":"https:\/\/juliajus.com\/de\/wp-json\/wp\/v2\/pages"}],"about":[{"href":"https:\/\/juliajus.com\/de\/wp-json\/wp\/v2\/types\/page"}],"author":[{"embeddable":true,"href":"https:\/\/juliajus.com\/de\/wp-json\/wp\/v2\/users\/2"}],"replies":[{"embeddable":true,"href":"https:\/\/juliajus.com\/de\/wp-json\/wp\/v2\/comments?post=360"}],"version-history":[{"count":5,"href":"https:\/\/juliajus.com\/de\/wp-json\/wp\/v2\/pages\/360\/revisions"}],"predecessor-version":[{"id":1329,"href":"https:\/\/juliajus.com\/de\/wp-json\/wp\/v2\/pages\/360\/revisions\/1329"}],"wp:attachment":[{"href":"https:\/\/juliajus.com\/de\/wp-json\/wp\/v2\/media?parent=360"}],"curies":[{"name":"wp","href":"https:\/\/api.w.org\/{rel}","templated":true}]}}