{"id":606,"date":"2020-11-02T15:04:51","date_gmt":"2020-11-02T15:04:51","guid":{"rendered":"https:\/\/juliajus.com\/?page_id=606"},"modified":"2021-01-03T10:51:59","modified_gmt":"2021-01-03T10:51:59","slug":"ceremonialist","status":"publish","type":"page","link":"https:\/\/juliajus.com\/de\/ceremonialist\/","title":{"rendered":"Zeremonienmeisterin"},"content":{"rendered":"<div data-elementor-type=\"wp-page\" data-elementor-id=\"606\" class=\"elementor elementor-606\">\n\t\t\t\t\t\t<section class=\"elementor-section elementor-top-section elementor-element elementor-element-291ff5e elementor-section-boxed elementor-section-height-default elementor-section-height-default\" data-id=\"291ff5e\" data-element_type=\"section\" data-e-type=\"section\">\n\t\t\t\t\t\t<div class=\"elementor-container elementor-column-gap-default\">\n\t\t\t\t\t<div class=\"elementor-column elementor-col-100 elementor-top-column elementor-element elementor-element-fea5944\" data-id=\"fea5944\" data-element_type=\"column\" data-e-type=\"column\">\n\t\t\t<div class=\"elementor-widget-wrap elementor-element-populated\">\n\t\t\t\t\t\t<div class=\"elementor-element elementor-element-17282cd elementor-widget elementor-widget-heading\" data-id=\"17282cd\" data-element_type=\"widget\" data-e-type=\"widget\" data-widget_type=\"heading.default\">\n\t\t\t\t<div class=\"elementor-widget-container\">\n\t\t\t\t\t<h2 class=\"elementor-heading-title elementor-size-default\">Zeremonienmeisterin<\/h2>\t\t\t\t<\/div>\n\t\t\t\t<\/div>\n\t\t\t\t\t<\/div>\n\t\t<\/div>\n\t\t\t\t\t<\/div>\n\t\t<\/section>\n\t\t\t\t<section class=\"elementor-section elementor-top-section elementor-element elementor-element-bdca9b5 elementor-section-boxed elementor-section-height-default elementor-section-height-default\" data-id=\"bdca9b5\" data-element_type=\"section\" data-e-type=\"section\">\n\t\t\t\t\t\t<div class=\"elementor-container elementor-column-gap-default\">\n\t\t\t\t\t<div class=\"elementor-column elementor-col-100 elementor-top-column elementor-element elementor-element-3f101b7\" data-id=\"3f101b7\" data-element_type=\"column\" data-e-type=\"column\">\n\t\t\t<div class=\"elementor-widget-wrap elementor-element-populated\">\n\t\t\t\t\t\t<div class=\"elementor-element elementor-element-53e5bbd elementor-widget elementor-widget-text-editor\" data-id=\"53e5bbd\" data-element_type=\"widget\" data-e-type=\"widget\" data-widget_type=\"text-editor.default\">\n\t\t\t\t<div class=\"elementor-widget-container\">\n\t\t\t\t\t\t\t\t\t<div style=\"caret-color: #000000; color: #000000;\">Wenn Sie das Gef\u00fchl haben, dass die Welt immer verr\u00fcckter wird und Sie nicht in der Lage sind, sich mit Ihrem authentischen Selbst zu zeigen, dann kann die Teilnahme an einer Zeremonie eine Gelegenheit f\u00fcr grosse Transformation schaffen. Deine Gef\u00fchle, deine Intuition, vergangene Traumata, \u00c4ngste, Heilung, Heiligkeit, das Magische und Mystische finden alle ihre Wahrheit im Ritual. Wenn man sich in einen nicht-allt\u00e4glichen Bewusstseinszustand versetzen kann, entsteht ein Gef\u00fchl f\u00fcr das Heilige und ein Raum tiefen Bewusstseins, der eine Verbindung zu Mutter Erde und dem Kosmos erm\u00f6glicht und in dem unvorstellbare Heilung und Transformation geschehen kann.<\/div>\n<div style=\"caret-color: #000000; color: #000000;\">&nbsp;<\/div>\n<div style=\"caret-color: #000000; color: #000000;\">Integration geschieht nach der Zeremonie, wenn man \u00fcber die Einsichten und die Weisheit nachdenken und sie in das t\u00e4gliche Leben mit Familie, Freunden, Arbeit und Gemeinschaft einflechten kann. Ich bin gerne bereit, Sie bei der Integration zu begleiten.<\/div>\n<div style=\"caret-color: #000000; color: #000000;\">&nbsp;<\/div>\n<div style=\"caret-color: #000000; color: #000000;\">Idealerweise bereitet man sich auf eine solch tiefe Heilungszeremonie mit einer Di\u00e4t, einer Absichtserkl\u00e4rung sowie physischer und psychischer Bereitschaft vor.<\/div>\n<div style=\"caret-color: #000000; color: #000000;\">&nbsp;<\/div>\n<div style=\"caret-color: #000000; color: #000000;\">Bitte kontaktieren Sie mich, um mehr zu erfahren und um Informationen \u00fcber geplante Zeremonien zu erhalten.<\/div>\t\t\t\t\t\t\t\t<\/div>\n\t\t\t\t<\/div>\n\t\t\t\t\t<\/div>\n\t\t<\/div>\n\t\t\t\t\t<\/div>\n\t\t<\/section>\n\t\t\t\t<\/div>","protected":false},"excerpt":{"rendered":"<p>Ceremonialist If you feel that the world is just getting more crazy and you can not seem to show up with your authentic self, then attending a ceremony can create an opportunity for great transformation. Your feelings, intuition, past traumas, anxiety, healing, sacredness, the magical and the mystical all find their truth in ritual. When&hellip;&nbsp;<a href=\"https:\/\/juliajus.com\/de\/ceremonialist\/\" rel=\"bookmark\">Weiterlesen &raquo;<span class=\"screen-reader-text\">Zeremonienmeisterin<\/span><\/a><\/p>","protected":false},"author":2,"featured_media":0,"parent":0,"menu_order":0,"comment_status":"closed","ping_status":"closed","template":"page-templates\/template-pagebuilder-full-width.php","meta":{"neve_meta_sidebar":"full-width","neve_meta_container":"","neve_meta_enable_content_width":"on","neve_meta_content_width":100,"neve_meta_title_alignment":"","neve_meta_author_avatar":"","neve_post_elements_order":"","neve_meta_disable_header":"","neve_meta_disable_footer":"","neve_meta_disable_title":"","footnotes":""},"class_list":["post-606","page","type-page","status-publish","hentry"],"_links":{"self":[{"href":"https:\/\/juliajus.com\/de\/wp-json\/wp\/v2\/pages\/606","targetHints":{"allow":["GET"]}}],"collection":[{"href":"https:\/\/juliajus.com\/de\/wp-json\/wp\/v2\/pages"}],"about":[{"href":"https:\/\/juliajus.com\/de\/wp-json\/wp\/v2\/types\/page"}],"author":[{"embeddable":true,"href":"https:\/\/juliajus.com\/de\/wp-json\/wp\/v2\/users\/2"}],"replies":[{"embeddable":true,"href":"https:\/\/juliajus.com\/de\/wp-json\/wp\/v2\/comments?post=606"}],"version-history":[{"count":5,"href":"https:\/\/juliajus.com\/de\/wp-json\/wp\/v2\/pages\/606\/revisions"}],"predecessor-version":[{"id":1230,"href":"https:\/\/juliajus.com\/de\/wp-json\/wp\/v2\/pages\/606\/revisions\/1230"}],"wp:attachment":[{"href":"https:\/\/juliajus.com\/de\/wp-json\/wp\/v2\/media?parent=606"}],"curies":[{"name":"wp","href":"https:\/\/api.w.org\/{rel}","templated":true}]}}